{"id":699,"date":"2021-02-19T14:21:10","date_gmt":"2021-02-19T13:21:10","guid":{"rendered":"http:\/\/www.lagiraudiere.com\/volunteer-france\/?page_id=699"},"modified":"2023-09-21T15:02:45","modified_gmt":"2023-09-21T13:02:45","slug":"french-important-language","status":"publish","type":"page","link":"https:\/\/www.lagiraudiere.com\/volunteer-france\/benefits-of-volunteering\/learn-french-in-france\/french-important-language\/","title":{"rendered":"Is French an important language?"},"content":{"rendered":"\n<p><em><strong>Is French an important language?<\/strong><\/em> When England was ruled by the Norman Kings, French was the ruling language in England. For almost 400 years the nobility, including the judiciary, spoke French and the common people spoke an evolving English. After the conquest in 1066, Norman\u00a0<em>French became the language of Power<\/em>\u00a0in England and English remained the language of the common people.\u00a0All official documents were written either in Latin, the language of the church, or in French.<\/p>\n\n\n\n<p><em><strong>Should schools give up French?<\/strong><\/em> Since 2002, there has been a decline in the number of pupils in the UK\u00a0<em>who can speak French,<\/em>\u00a0and it is said that this is a direct result of government legislation which abolished foreign languages in schools as compulsory. In 2002, 341,604 school children or pupils in England and Wales took GCSE French, whereas in 2010 it was down to 188,688, which is a reduction of 45 percent. During the same period, the number of A levels in French went down by 14 percent.<\/p>\n\n\n<div class=\"wp-block-image\">\n<figure class=\"aligncenter size-large\"><img loading=\"lazy\" decoding=\"async\" width=\"600\" height=\"326\" src=\"https:\/\/www.lagiraudiere.com\/volunteer-france\/wp-content\/uploads\/2021\/02\/french_teacher-french_lessons.jpg\" alt=\"learn french in france\" class=\"wp-image-202\" srcset=\"https:\/\/www.lagiraudiere.com\/volunteer-france\/wp-content\/uploads\/2021\/02\/french_teacher-french_lessons.jpg 600w, https:\/\/www.lagiraudiere.com\/volunteer-france\/wp-content\/uploads\/2021\/02\/french_teacher-french_lessons-300x163.jpg 300w, https:\/\/www.lagiraudiere.com\/volunteer-france\/wp-content\/uploads\/2021\/02\/french_teacher-french_lessons-150x82.jpg 150w\" sizes=\"auto, (max-width: 600px) 100vw, 600px\" \/><figcaption class=\"wp-element-caption\">French Lesson<\/figcaption><\/figure>\n<\/div>\n\n\n<h3 class=\"wp-block-heading\" style=\"font-size:24px\"><em>Should you bother to learn French?<\/em><\/h3>\n\n\n\n<p>So, is this putting English speaking students, businessmen and companies at a disadvantage? English may be described as the world&#8217;s business language, but 200 million people speak French around the world, and it is an official language in 29 countries. Furthermore, did you know that French is an official language of the United Nations agencies and a large number of other international organizations? The British Commonwealth has eight French-speaking countries as members.<\/p>\n\n\n\n<h4 class=\"wp-block-heading\" style=\"font-size:22px\">French &#8211; the third language in the European Union<\/h4>\n\n\n\n<p>According to the European Union, 129 million, or 26 percent of the Union&#8217;s total population can speak French, of whom 72 million are native speakers (65 million in France, 4.5 million in Belgium, plus 2.5 million in Switzerland). 69 million are second-language or foreign language speakers, thus making French the third language in the European Union.<\/p>\n\n\n\n<p>According to a demographic projection led by the Universit\u00e9 Laval and the R\u00e9seau D\u00e9mographie de l&#8217;Agence Universitaire de la Francophonie, French speakers will number approximately 500 million people in 2025 and 650 million people, or approximately seven percent of the world&#8217;s population by 2050. <\/p>\n\n\n<div class=\"wp-block-image\">\n<figure class=\"aligncenter size-large\"><img loading=\"lazy\" decoding=\"async\" width=\"432\" height=\"322\" src=\"https:\/\/www.lagiraudiere.com\/volunteer-france\/wp-content\/uploads\/2021\/02\/lesson_french2.jpg\" alt=\"Learning French\" class=\"wp-image-715\" srcset=\"https:\/\/www.lagiraudiere.com\/volunteer-france\/wp-content\/uploads\/2021\/02\/lesson_french2.jpg 432w, https:\/\/www.lagiraudiere.com\/volunteer-france\/wp-content\/uploads\/2021\/02\/lesson_french2-150x112.jpg 150w, https:\/\/www.lagiraudiere.com\/volunteer-france\/wp-content\/uploads\/2021\/02\/lesson_french2-320x240.jpg 320w\" sizes=\"auto, (max-width: 432px) 100vw, 432px\" \/><figcaption class=\"wp-element-caption\">Learn French in France<\/figcaption><\/figure>\n<\/div>\n\n\n<p><strong><a href=\"https:\/\/www.lagiraudiere.com\/volunteer-france\/how-to-learn-french\/\" title=\"How to Learn French\">How to Learn French<\/a> <\/strong>Read how La Giraudi\u00e8re helps its&#8217; volunteers and interns learn this important language.<\/p>\n\n\n<div class=\"wp-block-image\">\n<figure class=\"aligncenter size-large\"><img loading=\"lazy\" decoding=\"async\" width=\"294\" height=\"220\" src=\"https:\/\/www.lagiraudiere.com\/volunteer-france\/wp-content\/uploads\/2021\/02\/french_lesson-1.jpg\" alt=\"\" class=\"wp-image-717\" srcset=\"https:\/\/www.lagiraudiere.com\/volunteer-france\/wp-content\/uploads\/2021\/02\/french_lesson-1.jpg 294w, https:\/\/www.lagiraudiere.com\/volunteer-france\/wp-content\/uploads\/2021\/02\/french_lesson-1-150x112.jpg 150w\" sizes=\"auto, (max-width: 294px) 100vw, 294px\" \/><figcaption class=\"wp-element-caption\">French Lessons<\/figcaption><\/figure>\n<\/div>\n\n\n<p>Acknowledgment of help from the following: The Forbes 2000 Report; Will Smale, BBC News and Wikipedia.org. and the volunteers and interns from La Giraudi\u00e8re and The\u00a0<strong><a href=\"http:\/\/www.academie-francaise.fr\/\" target=\"_blank\" rel=\"noreferrer noopener\">Acad\u00e9mie Fran\u00e7aise<\/a><\/strong>.<\/p>\n\n\n<div class=\"aioseo-breadcrumbs\"><span class=\"aioseo-breadcrumb\">\n\t\t\tLa Giraudiere\n\t\t<\/span><span class=\"aioseo-breadcrumb-separator\">&raquo;<\/span><span class=\"aioseo-breadcrumb\">\n\t\t\t<a href=\"https:\/\/www.lagiraudiere.com\/volunteer-france\" title=\"Volunteer Project In France\">Volunteer Project In France<\/a>\n\t\t<\/span><\/div>","protected":false},"excerpt":{"rendered":"<p>Is French an important language? When England was ruled by the Norman Kings, French was the ruling language in England. For almost 400 years the nobility, including the judiciary, spoke French and the common people spoke an evolving English. After the conquest in 1066, Norman\u00a0French became the language of Power\u00a0in England and English remained the &#8230; <a title=\"Is French an important language?\" class=\"read-more\" href=\"https:\/\/www.lagiraudiere.com\/volunteer-france\/benefits-of-volunteering\/learn-french-in-france\/french-important-language\/\" aria-label=\"Read more about Is French an important language?\">Read more<\/a><\/p>\n","protected":false},"author":1,"featured_media":700,"parent":665,"menu_order":0,"comment_status":"closed","ping_status":"closed","template":"","meta":{"footnotes":""},"class_list":["post-699","page","type-page","status-publish","has-post-thumbnail"],"aioseo_notices":[],"_links":{"self":[{"href":"https:\/\/www.lagiraudiere.com\/volunteer-france\/wp-json\/wp\/v2\/pages\/699","targetHints":{"allow":["GET"]}}],"collection":[{"href":"https:\/\/www.lagiraudiere.com\/volunteer-france\/wp-json\/wp\/v2\/pages"}],"about":[{"href":"https:\/\/www.lagiraudiere.com\/volunteer-france\/wp-json\/wp\/v2\/types\/page"}],"author":[{"embeddable":true,"href":"https:\/\/www.lagiraudiere.com\/volunteer-france\/wp-json\/wp\/v2\/users\/1"}],"replies":[{"embeddable":true,"href":"https:\/\/www.lagiraudiere.com\/volunteer-france\/wp-json\/wp\/v2\/comments?post=699"}],"version-history":[{"count":13,"href":"https:\/\/www.lagiraudiere.com\/volunteer-france\/wp-json\/wp\/v2\/pages\/699\/revisions"}],"predecessor-version":[{"id":1960,"href":"https:\/\/www.lagiraudiere.com\/volunteer-france\/wp-json\/wp\/v2\/pages\/699\/revisions\/1960"}],"up":[{"embeddable":true,"href":"https:\/\/www.lagiraudiere.com\/volunteer-france\/wp-json\/wp\/v2\/pages\/665"}],"wp:featuredmedia":[{"embeddable":true,"href":"https:\/\/www.lagiraudiere.com\/volunteer-france\/wp-json\/wp\/v2\/media\/700"}],"wp:attachment":[{"href":"https:\/\/www.lagiraudiere.com\/volunteer-france\/wp-json\/wp\/v2\/media?parent=699"}],"curies":[{"name":"wp","href":"https:\/\/api.w.org\/{rel}","templated":true}]}}